{"id":1043,"date":"2025-03-14T17:07:28","date_gmt":"2025-03-14T16:07:28","guid":{"rendered":"https:\/\/korkdent.pl\/?page_id=1043"},"modified":"2025-03-14T18:41:58","modified_gmt":"2025-03-14T17:41:58","slug":"zakres-uslug","status":"publish","type":"page","link":"http:\/\/korkdent.pl\/?page_id=1043","title":{"rendered":"Zakres us\u0142ug"},"content":{"rendered":"<h1>Stomatologia zachowawcza<\/h1>\n<p>Podczas leczenia zachowawczego g\u0142\u00f3wnym celem jest zapobieganie i eliminacja pr\u00f3chnicy z\u0119b\u00f3w.<\/p>\n<p>Do g\u0142\u00f3wnych przyczyn wyst\u0119powania pr\u00f3chnicy zaliczamy:<br \/>\n&#8211; bakterie rozwijaj\u0105ce si\u0119 w p\u0142ytce naz\u0119bnej,<br \/>\n&#8211; nieprawid\u0142ow\u0105 higien\u0105 jamy ustnej,<br \/>\n&#8211; niew\u0142a\u015bciw\u0105 diet\u0119.<\/p>\n<article class=\"art-post art-article post-15 page type-page status-publish hentry\">\n<div class=\"art-postcontent clearfix\">\n<blockquote><p><strong>Nieleczona pr\u00f3chnica z\u0119b\u00f3w mo\u017ce doprowadzi\u0107 do utraty z\u0119b\u00f3w oraz sta\u0107 si\u0119 pocz\u0105tkiem innych powa\u017cnych chor\u00f3b.<\/strong><\/p><\/blockquote>\n<p>Dlatego tak wa\u017cne s\u0105 regularne wizyty u lekarza stomatologa. Pozwol\u0105 one zapobiega\u0107 oraz ogranicza\u0107 rozwoju choroby, co prowadzi do poprawy stanu naszego zdrowia oraz wygl\u0105du naszego uz\u0119bienia.<\/p>\n<p>W ramach stomatologii zachowawczej wykonuj\u0119:<br \/>\n&#8211; instrukta\u017c higieny jamy ustnej,<br \/>\n&#8211; profesjonalne oczyszczanie z\u0119b\u00f3w,<br \/>\n&#8211; usuwania kamienia naz\u0119bnego,<br \/>\n&#8211; skaling,<br \/>\n&#8211; leczenie pr\u00f3chnicy,<br \/>\n&#8211; piaskowanie z\u0119b\u00f3w,<br \/>\n&#8211; lakierowanie z\u0119b\u00f3w,<br \/>\n&#8211; lakowanie z\u0119b\u00f3w.<\/p>\n<\/div>\n<h1 class=\"art-postcontent clearfix\">Radiografia cyfrowa<\/h1>\n<p class=\"art-postcontent clearfix\">Posiadam nowoczesny, cyfrowy sprz\u0119t radiologiczny firmy Sirona. Dzi\u0119ki radiografii cyfrowej Sirona XIOS PLUS wykonuj\u0119 zdj\u0119cia z\u0119b\u00f3w z natychmiastowym obrazowaniem na ekranie komputera. S\u0105 one niezb\u0119dne szczeg\u00f3lnie w leczeniu endodontycznym i chirurgii stomatologicznej. Aparat rtg Sirona emituj\u0105cy znikomo ma\u0142\u0105 dawk\u0119 promieniowania pozwala na bezpieczne prze\u015bwietlenia z\u0119b\u00f3w dzieci i doros\u0142ych.<\/p>\n<div class=\"art-postcontent clearfix\">\n<div class=\"art-postcontent clearfix\">\n<h1>Endodoncja<\/h1>\n<p>Edodoncja czyli leczenie kana\u0142owe jest dziedzin\u0105 stomatologii zajmuj\u0105c\u0105 si\u0119 zapobieganiem, diagnozowaniem i leczeniem nieprawid\u0142owo\u015bci i chor\u00f3b w obr\u0119bie miazgi, z\u0119biny oraz tkanki oko\u0142owierzcho\u0142kowej.<\/p>\n<p>Czynniki chorobotw\u00f3rcze mog\u0105 wdziera\u0107 si\u0119 do wn\u0119trza z\u0119ba, atakowa\u0107 tkanki oko\u0142owierzcho\u0142kowe, a nawet stanowi\u0107 zagro\u017cenie dla ca\u0142ego organizmu.<\/p>\n<h1>Stomatologia estetyczna<\/h1>\n<p>Patrz\u0105c na drug\u0105 osob\u0119, pod\u015bwiadomie zwracamy uwag\u0119 g\u0142\u00f3wnie poza og\u00f3lnym spojrzeniem na sylwetk\u0119, na jej oczy i usta, a wi\u0119c i na uz\u0119bienie. Na ca\u0142ym \u015bwiecie pi\u0119kne z\u0119by od lat s\u0105 symbolem pi\u0119kna i odzwierciedleniem stanu zdrowia, a niekt\u00f3rzy upatruj\u0105 w nich nawet cechy charakteru cz\u0142owieka. St\u0105d te\u017c ludzie staraj\u0105 si\u0119 korygowa\u0107 nawet najmniejsze niedoci\u0105gni\u0119cia natury. Poniewa\u017c wygl\u0105d sta\u0142 si\u0119 tak kluczow\u0105 cech\u0105 ka\u017cdego z nas, wielu pacjent\u00f3w wr\u0119cz marzy o tym, by ich u\u015bmiech sta\u0142 si\u0119 pi\u0119kny.<\/p>\n<p>Stomatologia estetyczna to mi\u0119dzy innymi takie zabiegami jak:<br \/>\n&#8211; wybielanie z\u0119b\u00f3w,<br \/>\n&#8211; lic\u00f3wki,<br \/>\n&#8211; system uzupe\u0142nie\u0144 inlay i onlay,<br \/>\n&#8211; korony protetyczne i inne uzupe\u0142nienia estetyczne.<\/p>\n<h1>Periodontologia<\/h1>\n<div class=\"art-postcontent clearfix\">\n<div class=\"art-postcontent clearfix\">\n<p>Periodontologia zajmuj\u0119 si\u0119 chorobami przyz\u0119bia.<\/p>\n<p>Nieleczone stany zapalne mog\u0105 doprowadzi\u0107 do utraty z\u0119b\u00f3w a tak\u017ce do powa\u017cnych chor\u00f3b og\u00f3lnoustrojowych takich jak cukrzyca czy choroby uk\u0142adu sercowo-naczyniowego. Wszystko zaczyna si\u0119 zwykle od niekontrolowanego nagromadzenia p\u0142ytki naz\u0119bnej, w kt\u00f3rej znajduj\u0105 si\u0119 bakterie inicjuj\u0105ce proces niszczenia tkanek przyz\u0119bia. Najcz\u0119stsze schorzenia periodontyczne, to zapalenie dzi\u0105se\u0142 i zapalenie przyz\u0119bia.<\/p>\n<h1>Chirurgia stomatologiczna<\/h1>\n<p>Chirurgia stomatologiczna to g\u0142\u00f3wnie:<br \/>\n&#8211; usuwanie z\u0119b\u00f3w sta\u0142ych i mlecznych,<br \/>\n&#8211; naci\u0119cie ropnia,<br \/>\n&#8211; zszycie z\u0119bodo\u0142u.<\/p>\n<h1>Protetyka<\/h1>\n<p>Protetyka stomatologiczna zajmuje si\u0119 problemem uzupe\u0142niania brak\u00f3w z\u0119bowych g\u0142\u00f3wne za pomoc\u0105:<br \/>\n&#8211; koron protetycznych i wk\u0142ad\u00f3w koronowo \u2013 korzeniowych,<br \/>\n&#8211; protez ca\u0142kowitych i cz\u0119\u015bciowych,<br \/>\n&#8211; protez szkieletowych,<br \/>\n&#8211; protez bezklamrowych,<br \/>\n&#8211; protez natychmiastowych,<br \/>\n&#8211; most\u00f3w konwencjonalnych i adhezyjnych (z w\u0142\u00f3kna szklanego).<\/p>\n<h1>Wybielanie z\u0119b\u00f3w<\/h1>\n<p>Przez lata spo\u017cywamy kolorowe jedzenie, pijemy kaw\u0119 lub herbat\u0119 czy te\u017c palimy papierosy, przez co z\u0119by zaczynaj\u0105 ciemnie\u0107. Regularne mycie mo\u017ce usun\u0105\u0107 cz\u0119\u015b\u0107 przebarwie\u0144 powierzchownych na szkliwie, lecz te, kt\u00f3re spenetrowa\u0142y g\u0142\u0119boko struktur\u0119 z\u0119ba s\u0105 trudne do usuni\u0119cia w zwyk\u0142y spos\u00f3b.Wybielanie z\u0119b\u00f3w BEYOND\u2122 to jednorazowy zabieg polegaj\u0105cy na na\u0142o\u017ceniu specjalnego \u017celu wybielaj\u0105cego na powierzchni\u0119 z\u0119b\u00f3w, a nast\u0119pnie aktywowaniu go przez \u015bwiat\u0142o akceleratora. \u017bel wybielaj\u0105cy oparty jest na nadtlenku wodoru oraz innych sk\u0142adnikach, kt\u00f3rych zadaniem jest zwi\u0119kszenie rezultatu oraz zmniejszenie wra\u017cliwo\u015bci. \u017bel wybielaj\u0105cy pod wp\u0142ywem \u015bwiat\u0142a z akceleratora Beyond Polus\u2122 zwi\u0119ksza szybko\u015b\u0107 przechodzenia \u017celu wybielaj\u0105cego przez szkliwo do z\u0119biny. \u015awiat\u0142o emitowane przez akcelerator znacznie przyspiesza proces wybielania z\u0119b\u00f3w poprzez zwi\u0119kszenie cz\u0119stotliwo\u015bci, przy kt\u00f3rej zwi\u0105zki nadtlenku wodoru rozbijaj\u0105 si\u0119. To powoduje b\u0142yskawiczny efekt utleniania w \u015brodku struktury z\u0119ba, przez co widoczne przebarwienia s\u0105 rozbijane na mniejsze i utleniane. Efektem wybielania s\u0105 bia\u0142e, l\u015bni\u0105ce z\u0119by pacjenta. Ca\u0142y zabieg trwa ok. 45 minut, jednak jego d\u0142ugo\u015b\u0107 mo\u017ce si\u0119 r\u00f3\u017cni\u0107 w zale\u017cno\u015bci od przypadku. Zabieg BEYOND\u2122 jest ca\u0142kowicie bezpieczny, wykonywany przez lekarza stomatologa. Z\u0119by po wybielaniu nie staj\u0105 si\u0119 \u201ebardziej ch\u0142onne\u201d dla barwi\u0105cych substancji, a trwa\u0142o\u015b\u0107 zabiegu zale\u017cy w najwi\u0119kszym stopniu od trybu \u017cyciu pacjenta. Efekt pozostaje widoczny \u015brednio przez 2 lata.<\/p>\n<\/div>\n<\/div>\n<\/div>\n<\/div>\n<\/article>\n","protected":false},"excerpt":{"rendered":"<p>Stomatologia zachowawcza Podczas leczenia zachowawczego g\u0142\u00f3wnym celem jest zapobieganie i eliminacja pr\u00f3chnicy z\u0119b\u00f3w. Do g\u0142\u00f3wnych przyczyn wyst\u0119powania pr\u00f3chnicy zaliczamy: &#8211; bakterie rozwijaj\u0105ce si\u0119 w p\u0142ytce naz\u0119bnej, &#8211; nieprawid\u0142ow\u0105 higien\u0105 jamy ustnej, &#8211; niew\u0142a\u015bciw\u0105 diet\u0119. Nieleczona pr\u00f3chnica z\u0119b\u00f3w mo\u017ce doprowadzi\u0107 do utraty z\u0119b\u00f3w oraz sta\u0107 si\u0119 pocz\u0105tkiem innych powa\u017cnych chor\u00f3b. Dlatego tak wa\u017cne s\u0105 regularne wizyty [&hellip;]<\/p>\n","protected":false},"author":5,"featured_media":0,"parent":0,"menu_order":0,"comment_status":"closed","ping_status":"closed","template":"","meta":{"footnotes":""},"class_list":["post-1043","page","type-page","status-publish","hentry"],"_links":{"self":[{"href":"http:\/\/korkdent.pl\/index.php?rest_route=\/wp\/v2\/pages\/1043","targetHints":{"allow":["GET"]}}],"collection":[{"href":"http:\/\/korkdent.pl\/index.php?rest_route=\/wp\/v2\/pages"}],"about":[{"href":"http:\/\/korkdent.pl\/index.php?rest_route=\/wp\/v2\/types\/page"}],"author":[{"embeddable":true,"href":"http:\/\/korkdent.pl\/index.php?rest_route=\/wp\/v2\/users\/5"}],"replies":[{"embeddable":true,"href":"http:\/\/korkdent.pl\/index.php?rest_route=%2Fwp%2Fv2%2Fcomments&post=1043"}],"version-history":[{"count":17,"href":"http:\/\/korkdent.pl\/index.php?rest_route=\/wp\/v2\/pages\/1043\/revisions"}],"predecessor-version":[{"id":1076,"href":"http:\/\/korkdent.pl\/index.php?rest_route=\/wp\/v2\/pages\/1043\/revisions\/1076"}],"wp:attachment":[{"href":"http:\/\/korkdent.pl\/index.php?rest_route=%2Fwp%2Fv2%2Fmedia&parent=1043"}],"curies":[{"name":"wp","href":"https:\/\/api.w.org\/{rel}","templated":true}]}}