{"id":29,"date":"2012-04-10T11:47:05","date_gmt":"2012-04-10T11:47:05","guid":{"rendered":"http:\/\/korkdent.pl\/?page_id=29"},"modified":"2026-01-03T14:15:10","modified_gmt":"2026-01-03T13:15:10","slug":"godziny-pracy","status":"publish","type":"page","link":"http:\/\/korkdent.pl\/?page_id=29","title":{"rendered":"Godziny pracy"},"content":{"rendered":"<p style=\"padding-left: 30px; text-align: left;\"><span style=\"font-size: 20px; color: #000080;\">Godziny pracy Gabinetu Stomatologicznego Krystyna Korycka:<\/span><\/p>\n<p style=\"padding-left: 30px; text-align: left;\"><span style=\"color: #000000; font-size: 20px;\">Poniedzia\u0142ek:\u00a0 \u00a0 8.00 &#8211; 18.00<\/span><\/p>\n<p style=\"padding-left: 30px; text-align: left;\"><span style=\"color: #000000; font-size: 20px;\">Wtorek:\u00a0 \u00a0 \u00a0 \u00a0 \u00a0 \u00a0 \u00a08.00 &#8211; 18.00<\/span><\/p>\n<p style=\"padding-left: 30px; text-align: left;\"><span style=\"color: #000000; font-size: 20px;\">\u015aroda:\u00a0 \u00a0 \u00a0 \u00a0 \u00a0 \u00a0 \u00a0 \u00a08.00 &#8211; 18.00<\/span><\/p>\n<p style=\"padding-left: 30px; text-align: left;\"><span style=\"color: #000000; font-size: 20px;\">Czwartek:\u00a0 \u00a0 \u00a0 \u00a0 \u00a08.00 &#8211; 18.00<\/span><\/p>\n<p style=\"padding-left: 30px; text-align: left;\"><span style=\"color: #000000; font-size: 20px;\">Pi\u0105tek:\u00a0 \u00a0 \u00a0 \u00a0 \u00a0 \u00a0 \u00a0 8.00 &#8211; 14.00<\/span><\/p>\n<p style=\"padding-left: 30px; text-align: left;\"><span style=\"color: #000000; font-size: 20px;\">Sobota:\u00a0 \u00a0 \u00a0 \u00a0 \u00a0 \u00a0 \u00a0 \u00a0nieczynne<\/span><\/p>\n<p>&nbsp;<\/p>\n<p style=\"padding-left: 30px; text-align: left;\"><span style=\"font-size: 20px; color: #000080;\">Godziny przyj\u0119\u0107 pacjent\u00f3w ubezpieczonych w NFZ:<\/span><\/p>\n<p style=\"padding-left: 30px; text-align: left;\"><span style=\"color: #000000; font-size: 20px;\">Poniedzia\u0142ek:\u00a0 \u00a0 \u00a08.00 &#8211; 18.00<\/span><\/p>\n<p style=\"padding-left: 30px; text-align: left;\"><span style=\"color: #000000; font-size: 20px;\">Wtorek:\u00a0 \u00a0 \u00a0 \u00a0 \u00a0 \u00a0 \u00a012.00 &#8211; 18.00<\/span><\/p>\n<p style=\"padding-left: 30px; text-align: left;\"><span style=\"color: #000000; font-size: 20px;\">\u015aroda:\u00a0 \u00a0 \u00a0 \u00a0 \u00a0 \u00a0 \u00a0 \u00a0 8.00 &#8211; 14.00<\/span><\/p>\n<p style=\"padding-left: 30px; text-align: left;\"><span style=\"color: #000000; font-size: 20px;\">Czwartek:\u00a0 \u00a0 \u00a0 \u00a0 \u00a0 \u00a08.00 &#8211; 14.00<\/span><\/p>\n<p style=\"padding-left: 30px; text-align: left;\"><span style=\"color: #000000; font-size: 20px;\">Pi\u0105tek:\u00a0 \u00a0 \u00a0 \u00a0 \u00a0 \u00a0 \u00a0 \u00a0 8.00 &#8211; 14.00<\/span><\/p>\n<p style=\"padding-left: 30px; text-align: left;\"><span style=\"color: #000000; font-size: 20px;\">Sobota:\u00a0 \u00a0 \u00a0 \u00a0 \u00a0 \u00a0 \u00a0 \u00a0nieczynne<\/span><\/p>\n<p style=\"padding-left: 30px; text-align: center;\"><span style=\"font-size: 20px; color: #000080;\">Rejestracja telefoniczna: \u00a0 \u00a0<strong>85 740 20 26,<\/strong>\u00a0 <strong>+ 48<\/strong> <strong>607 377 183<br class=\"none\" \/><\/strong><\/span><\/p>\n<h3 style=\"text-align: center;\"><strong>Pacjenci z b\u00f3lem przyjmowani s\u0105 w dniu zg\u0142oszenia.<\/strong><\/h3>\n<p style=\"text-align: center;\"><span style=\"color: #c00000; font-size: 22px;\"><strong>\u00a0<\/strong><\/span><\/p>\n<blockquote>\n<p style=\"text-align: justify;\"><span style=\"color: #000000;\">Zale\u017cy mi na dobrej organizacji pracy gabinetu. Szanuj\u0105c czas moich pacjent\u00f3w staram si\u0119 nie dopuszcza\u0107 do op\u00f3\u017anie\u0144 w ich przyjmowaniu.\u00a0Niestety czasami zdarzaj\u0105 \u00a0si\u0119 nieprzewidziane, niezale\u017cne ode mnie sytuacje i niekt\u00f3re zabiegi przed\u0142u\u017caj\u0105 si\u0119. Prosz\u0119 wi\u0119c aby pacjenci przygotowali na wizyt\u0119 odpowiedni\u0105 rezerw\u0119 czasow\u0105 i ze zrozumieniem podchodzili do kilkuminutowych\u00a0op\u00f3\u017anie\u0144. \u00a0<\/span><\/p>\n<p style=\"text-align: justify;\"><span style=\"color: #000000;\">Je\u017celi z jakiej\u015b przyczyny nie mog\u0105 Pa\u0144stwo przyby\u0107 na um\u00f3wion\u0105 wizyt\u0119 prosz\u0119 o jak najszybsze powiadomienie o tym gabinetu.<\/span><\/p>\n<\/blockquote>\n<p><a href=\"http:\/\/korkdent.pl\/wp-content\/uploads\/2014\/11\/plakat_do_swiadczeniodawcow.pdf\"><img loading=\"lazy\" decoding=\"async\" class=\"aligncenter wp-image-560 size-medium\" src=\"http:\/\/korkdent.pl\/wp-content\/uploads\/2012\/04\/Prawa_Pacjenta-212x300.jpg\" alt=\"Prawa_Pacjenta\" width=\"212\" height=\"300\" srcset=\"http:\/\/korkdent.pl\/wp-content\/uploads\/2012\/04\/Prawa_Pacjenta-212x300.jpg 212w, http:\/\/korkdent.pl\/wp-content\/uploads\/2012\/04\/Prawa_Pacjenta.jpg 440w\" sizes=\"auto, (max-width: 212px) 100vw, 212px\" \/><\/a><\/p>\n","protected":false},"excerpt":{"rendered":"<p>Godziny pracy Gabinetu Stomatologicznego Krystyna Korycka: Poniedzia\u0142ek:\u00a0 \u00a0 8.00 &#8211; 18.00 Wtorek:\u00a0 \u00a0 \u00a0 \u00a0 \u00a0 \u00a0 \u00a08.00 &#8211; 18.00 \u015aroda:\u00a0 \u00a0 \u00a0 \u00a0 \u00a0 \u00a0 \u00a0 \u00a08.00 &#8211; 18.00 Czwartek:\u00a0 \u00a0 \u00a0 \u00a0 \u00a08.00 &#8211; 18.00 Pi\u0105tek:\u00a0 \u00a0 \u00a0 \u00a0 \u00a0 \u00a0 \u00a0 8.00 &#8211; 14.00 Sobota:\u00a0 \u00a0 \u00a0 \u00a0 \u00a0 \u00a0 \u00a0 \u00a0nieczynne [&hellip;]<\/p>\n","protected":false},"author":3,"featured_media":0,"parent":0,"menu_order":10,"comment_status":"closed","ping_status":"closed","template":"","meta":{"footnotes":""},"class_list":["post-29","page","type-page","status-publish","hentry"],"_links":{"self":[{"href":"http:\/\/korkdent.pl\/index.php?rest_route=\/wp\/v2\/pages\/29","targetHints":{"allow":["GET"]}}],"collection":[{"href":"http:\/\/korkdent.pl\/index.php?rest_route=\/wp\/v2\/pages"}],"about":[{"href":"http:\/\/korkdent.pl\/index.php?rest_route=\/wp\/v2\/types\/page"}],"author":[{"embeddable":true,"href":"http:\/\/korkdent.pl\/index.php?rest_route=\/wp\/v2\/users\/3"}],"replies":[{"embeddable":true,"href":"http:\/\/korkdent.pl\/index.php?rest_route=%2Fwp%2Fv2%2Fcomments&post=29"}],"version-history":[{"count":139,"href":"http:\/\/korkdent.pl\/index.php?rest_route=\/wp\/v2\/pages\/29\/revisions"}],"predecessor-version":[{"id":1114,"href":"http:\/\/korkdent.pl\/index.php?rest_route=\/wp\/v2\/pages\/29\/revisions\/1114"}],"wp:attachment":[{"href":"http:\/\/korkdent.pl\/index.php?rest_route=%2Fwp%2Fv2%2Fmedia&parent=29"}],"curies":[{"name":"wp","href":"https:\/\/api.w.org\/{rel}","templated":true}]}}